{"id":5048,"date":"2025-04-10T07:25:52","date_gmt":"2025-04-10T07:25:52","guid":{"rendered":"https:\/\/www.regnardtechnologie.com\/informativa-sulla-privacy\/"},"modified":"2025-12-24T06:17:23","modified_gmt":"2025-12-24T06:17:23","slug":"informativa-sulla-privacy","status":"publish","type":"page","link":"https:\/\/www.regnardtechnologie.com\/it\/informativa-sulla-privacy\/","title":{"rendered":"Informativa sulla privacy"},"content":{"rendered":"\t\t<div data-elementor-type=\"wp-page\" data-elementor-id=\"5048\" class=\"elementor elementor-5048 elementor-334\" data-elementor-post-type=\"page\">\n\t\t\t\t<div class=\"elementor-element elementor-element-e0af4b5 e-flex e-con-boxed e-con e-parent\" data-id=\"e0af4b5\" data-element_type=\"container\" data-settings=\"{&quot;background_background&quot;:&quot;classic&quot;}\">\n\t\t\t\t\t<div class=\"e-con-inner\">\n\t\t\t\t<div class=\"elementor-element elementor-element-53169c8 elementor-widget elementor-widget-heading\" data-id=\"53169c8\" data-element_type=\"widget\" data-widget_type=\"heading.default\">\n\t\t\t\t<div class=\"elementor-widget-container\">\n\t\t\t\t\t<h2 class=\"elementor-heading-title elementor-size-default\">Informativa sulla privacy<\/h2>\t\t\t\t<\/div>\n\t\t\t\t<\/div>\n\t\t\t\t\t<\/div>\n\t\t\t\t<\/div>\n\t\t<div class=\"elementor-element elementor-element-e8b052c e-flex e-con-boxed e-con e-parent\" data-id=\"e8b052c\" data-element_type=\"container\">\n\t\t\t\t\t<div class=\"e-con-inner\">\n\t\t\t\t<div class=\"elementor-element elementor-element-f314b18 elementor-widget elementor-widget-text-editor\" data-id=\"f314b18\" data-element_type=\"widget\" data-widget_type=\"text-editor.default\">\n\t\t\t\t<div class=\"elementor-widget-container\">\n\t\t\t\t\t\t\t\t\t<p class=\"p2\"><span class=\"s1\">Il sito web https:\/\/www.regnardtechnologie.com\/ \u00e8 di propriet\u00e0 di SAS REGNARD TECHNOLOGIES.<br>Abbiamo adottato la presente Informativa sulla privacy, che illustra le modalit\u00e0 di trattamento delle informazioni raccolte da REGNARD TECHNOLOGIES e fornisce anche le ragioni per cui abbiamo bisogno di raccogliere determinati dati personali dall&#8217;utente. Pertanto, prima di utilizzare il Sito web di REGNARD TECHNOLOGIES, \u00e8 necessario leggere la presente Informativa sulla Privacy.<br>Abbiamo a cuore i tuoi dati personali e ci impegniamo a garantirne la riservatezza e la sicurezza. <\/span><\/p><h4><span class=\"s1\"><b>I dati personali che raccogliamo:<\/b><\/span><\/h4><p class=\"p2\"><span class=\"s1\">Quando visiti il Sito di REGNARD TECHNOLOGY, raccogliamo automaticamente alcune informazioni sul tuo dispositivo, tra cui quelle relative al tuo browser web, all&#8217;indirizzo IP, al fuso orario e ad alcuni dei cookie installati sul tuo dispositivo. Inoltre, mentre navighi sul Sito, raccogliamo informazioni sulle singole pagine web o sui prodotti che visualizzi, sui siti web o sui termini di ricerca che ti hanno indirizzato al Sito e su come interagisci con il Sito. Ci riferiamo a queste informazioni raccolte automaticamente come &#8220;Informazioni sul dispositivo&#8221;. Inoltre, possiamo raccogliere i dati personali che l&#8217;utente ci fornisce (tra cui, a titolo esemplificativo, nome, cognome, indirizzo, informazioni di pagamento, ecc.   <\/span><\/p><h4><span class=\"s1\"><b>Perch\u00e9 trattiamo i tuoi dati?<\/b><\/span><\/h4><p class=\"p2\"><span class=\"s1\">La nostra priorit\u00e0 assoluta \u00e8 la sicurezza dei dati dei clienti e, pertanto, possiamo trattare solo dati minimi degli utenti, solo nella misura assolutamente necessaria per la manutenzione del sito web. Le informazioni raccolte automaticamente vengono utilizzate esclusivamente per identificare potenziali casi di abuso e per compilare informazioni statistiche sull&#8217;utilizzo del sito web. Queste informazioni statistiche non vengono aggregate in altro modo per identificare un particolare utente del sistema.<br>Puoi visitare il sito web senza dirci chi sei o senza rivelare alcuna informazione in base alla quale potresti essere identificato come un individuo specifico e identificabile. Tuttavia, se desideri utilizzare alcune funzionalit\u00e0 del sito web, o se desideri ricevere la nostra newsletter o fornire altri dettagli compilando un modulo, potresti fornirci dati personali, come l&#8217;indirizzo e-mail, il nome, il cognome, la citt\u00e0 di residenza, l&#8217;organizzazione e il numero di telefono. Puoi scegliere di non fornirci i tuoi dati personali, ma potresti non essere in grado di usufruire di alcune funzionalit\u00e0 del sito web. Ad esempio, potresti non essere in grado di ricevere la nostra newsletter o di contattarci direttamente dal sito web. Gli utenti che non conoscono i dati richiesti sono invitati a contattarci all&#8217;indirizzo contact@regnardtechnologie.com\/.      <\/span><\/p><h2><span class=\"s1\"><b>I tuoi diritti:<\/b><\/span><\/h2><p class=\"p2\"><span class=\"s1\">Se sei un residente europeo, hai i seguenti diritti in relazione ai tuoi dati personali:<\/span><\/p><ul class=\"ul1\"><li class=\"li4\"><span class=\"s1\">Il diritto di essere informati.<\/span><\/li><li class=\"li4\"><span class=\"s1\">Il diritto di accesso.<\/span><\/li><li class=\"li4\"><span class=\"s1\">Il diritto di rettifica.<\/span><\/li><li class=\"li4\"><span class=\"s1\">Il diritto alla cancellazione.<\/span><\/li><li class=\"li4\"><span class=\"s1\">Il diritto di limitare il trattamento.<\/span><\/li><li class=\"li4\"><span class=\"s1\">Il diritto alla portabilit\u00e0 dei dati.<\/span><\/li><li class=\"li4\"><span class=\"s1\">Il diritto di opporsi.<\/span><\/li><li class=\"li4\"><span class=\"s1\">Diritti relativi al processo decisionale automatizzato e alla profilazione.<\/span><\/li><\/ul><p class=\"p2\"><span class=\"s1\">Se desideri esercitare questo diritto, contattaci tramite i recapiti indicati di seguito.<br>Inoltre, se sei residente in Europa, ti informiamo che trattiamo i tuoi dati per eseguire i contratti che abbiamo stipulato con te (ad esempio, se effettui un ordine tramite il sito) o per perseguire i nostri legittimi interessi commerciali sopra elencati. Inoltre, ti ricordiamo che i tuoi dati potrebbero essere trasferiti al di fuori dell&#8217;Europa, anche in Canada e negli Stati Uniti. <\/span><\/p><h2><span class=\"s1\"><b>Link ad altri siti web:<\/b><\/span><\/h2><p class=\"p2\"><span class=\"s1\">Il nostro sito web pu\u00f2 contenere link ad altri siti web che non sono di nostra propriet\u00e0 o controllati da noi. Ti ricordiamo che non siamo responsabili di questi altri siti web o delle pratiche sulla privacy di terzi. Ti invitiamo a prestare attenzione quando lasci il nostro sito web e a leggere le dichiarazioni sulla privacy di ogni singolo sito web che potrebbe raccogliere informazioni personali.  <\/span><\/p><h2><span class=\"s1\"><b>Sicurezza informatica :<\/b><\/span><\/h2><p class=\"p2\"><span class=\"s1\">Proteggiamo le informazioni fornite dall&#8217;utente su server informatici in un ambiente controllato e sicuro, al riparo da accessi, usi o divulgazioni non autorizzati. Manteniamo ragionevoli salvaguardie amministrative, tecniche e fisiche per proteggere dall&#8217;accesso, dall&#8217;uso, dalla modifica e dalla divulgazione non autorizzati dei dati personali sotto il nostro controllo e la nostra custodia. Tuttavia, non \u00e8 possibile garantire la trasmissione di dati su Internet o su una rete wireless.  <\/span><\/p><h2><span class=\"s1\"><b>Divulgazione legale :<\/b><\/span><\/h2><p class=\"p2\"><span class=\"s1\">Divulgheremo qualsiasi informazione che raccogliamo, utilizziamo o riceviamo se ci viene richiesto o consentito dalla legge, ad esempio per ottemperare a una citazione in giudizio o a un procedimento legale simile, e quando riteniamo in buona fede che la divulgazione sia necessaria per proteggere i nostri diritti, la tua sicurezza o quella di altri, per indagare su frodi o per rispondere a una richiesta governativa.<\/span><\/p><h2><b>Responsabile della protezione dei dati e autorit\u00e0 di controllo :  <\/b><\/h2><p><br>Contattaci all&#8217;indirizzo e-mail <a href=\"mailto:contact@regnardtechnologie.com\">per<\/a> esercitare i tuoi diritti. Se hai domande o commenti sul nostro trattamento dei dati personali, puoi contattare il Responsabile della protezione dei dati, Julie Florin Regnard, al seguente indirizzo: <a href=\"mailto:julie@regnardtechnologie.com\" target=\"_blank\" rel=\"noopener\">julie@regnardtechnologie.com.<\/a> <\/p>\t\t\t\t\t\t\t\t<\/div>\n\t\t\t\t<\/div>\n\t\t\t\t\t<\/div>\n\t\t\t\t<\/div>\n\t\t\t\t<\/div>\n\t\t","protected":false},"excerpt":{"rendered":"<p>Informativa sulla privacy Il sito web https:\/\/www.regnardtechnologie.com\/ \u00e8 di propriet\u00e0 di SAS REGNARD TECHNOLOGIES.Abbiamo adottato la presente Informativa sulla privacy, che illustra le modalit\u00e0 di trattamento delle informazioni raccolte da REGNARD TECHNOLOGIES e fornisce anche le ragioni per cui abbiamo bisogno di raccogliere determinati dati personali dall&#8217;utente. Pertanto, prima di utilizzare il Sito web di [&hellip;]<\/p>\n","protected":false},"author":1,"featured_media":0,"parent":0,"menu_order":0,"comment_status":"closed","ping_status":"closed","template":"elementor_header_footer","meta":{"footnotes":""},"class_list":["post-5048","page","type-page","status-publish","hentry"],"_links":{"self":[{"href":"https:\/\/www.regnardtechnologie.com\/it\/wp-json\/wp\/v2\/pages\/5048","targetHints":{"allow":["GET"]}}],"collection":[{"href":"https:\/\/www.regnardtechnologie.com\/it\/wp-json\/wp\/v2\/pages"}],"about":[{"href":"https:\/\/www.regnardtechnologie.com\/it\/wp-json\/wp\/v2\/types\/page"}],"author":[{"embeddable":true,"href":"https:\/\/www.regnardtechnologie.com\/it\/wp-json\/wp\/v2\/users\/1"}],"replies":[{"embeddable":true,"href":"https:\/\/www.regnardtechnologie.com\/it\/wp-json\/wp\/v2\/comments?post=5048"}],"version-history":[{"count":1,"href":"https:\/\/www.regnardtechnologie.com\/it\/wp-json\/wp\/v2\/pages\/5048\/revisions"}],"predecessor-version":[{"id":5049,"href":"https:\/\/www.regnardtechnologie.com\/it\/wp-json\/wp\/v2\/pages\/5048\/revisions\/5049"}],"wp:attachment":[{"href":"https:\/\/www.regnardtechnologie.com\/it\/wp-json\/wp\/v2\/media?parent=5048"}],"curies":[{"name":"wp","href":"https:\/\/api.w.org\/{rel}","templated":true}]}}