{"id":5040,"date":"2025-04-09T09:27:06","date_gmt":"2025-04-09T09:27:06","guid":{"rendered":"https:\/\/www.regnardtechnologie.com\/informazioni-legali\/"},"modified":"2025-12-24T06:15:18","modified_gmt":"2025-12-24T06:15:18","slug":"informazioni-legali","status":"publish","type":"page","link":"https:\/\/www.regnardtechnologie.com\/it\/informazioni-legali\/","title":{"rendered":"Informazioni legali"},"content":{"rendered":"\t\t<div data-elementor-type=\"wp-page\" data-elementor-id=\"5040\" class=\"elementor elementor-5040 elementor-322\" data-elementor-post-type=\"page\">\n\t\t\t\t<div class=\"elementor-element elementor-element-33fc691 e-flex e-con-boxed e-con e-parent\" data-id=\"33fc691\" data-element_type=\"container\" data-settings=\"{&quot;background_background&quot;:&quot;classic&quot;}\">\n\t\t\t\t\t<div class=\"e-con-inner\">\n\t\t\t\t<div class=\"elementor-element elementor-element-67e963a elementor-widget elementor-widget-heading\" data-id=\"67e963a\" data-element_type=\"widget\" data-widget_type=\"heading.default\">\n\t\t\t\t<div class=\"elementor-widget-container\">\n\t\t\t\t\t<h2 class=\"elementor-heading-title elementor-size-default\">Informazioni legali<\/h2>\t\t\t\t<\/div>\n\t\t\t\t<\/div>\n\t\t\t\t\t<\/div>\n\t\t\t\t<\/div>\n\t\t<div class=\"elementor-element elementor-element-a96671a e-flex e-con-boxed e-con e-parent\" data-id=\"a96671a\" data-element_type=\"container\">\n\t\t\t\t\t<div class=\"e-con-inner\">\n\t\t\t\t<div class=\"elementor-element elementor-element-0881617 elementor-widget elementor-widget-text-editor\" data-id=\"0881617\" data-element_type=\"widget\" data-widget_type=\"text-editor.default\">\n\t\t\t\t<div class=\"elementor-widget-container\">\n\t\t\t\t\t\t\t\t\t<h4>1. Presentazione del sito.<\/h4><p>Ai sensi dell&#8217;articolo 6 della legge n. 2004-575 del 21 giugno 2004 sulla fiducia nell&#8217;economia digitale, gli utenti del sito web https:\/\/www.regnardtechnologie.com\/ sono informati dell&#8217;identit\u00e0 dei vari soggetti coinvolti nella creazione e nel monitoraggio del sito:<\/p><p><strong>Proprietario<\/strong>: Julie FLORIN REGNARD, Loic REGNARD e Patrice REGNARD &#8211; REGNARD TECHNOLOGIES &#8211; SAS &#8211; 41216060800011 &#8211; REGNARD TECHNOLOGIES, 9 LE HANOY 27250 RUGLES <br><strong>Creatore<\/strong>: <a href=\"https:\/\/ocean-communication.com\" target=\"_blank\" rel=\"noopener\">Ocean Communication<\/a> &#8211; info@ocean-communication.fr<br><strong>Responsabile della pubblicazione<\/strong>: Julie FLORIN REGNARD <br>Il responsabile della pubblicazione \u00e8 una persona fisica.<br><strong>Webmaster<\/strong>: Ocean Communication<br><strong>Host<\/strong>: OVH &#8211; 2 rue Kellermann &#8211; 59100 Roubaix &#8211; Francia<\/p><h4>2. Condizioni generali di utilizzo del sito e dei servizi offerti.<\/h4><p>L&#8217;utilizzo del sito web https:\/\/www.regnardtechnologie.fr\/ implica la piena accettazione delle condizioni generali di utilizzo riportate di seguito. Le presenti condizioni d&#8217;uso possono essere modificate o integrate in qualsiasi momento; si consiglia pertanto agli utenti del sito web https:\/\/www.regnardtechnologie.fr\/ di consultarle regolarmente. <\/p><p>Questo sito \u00e8 normalmente accessibile agli utenti in qualsiasi momento. REGNARD TECHNOLOGIES pu\u00f2 tuttavia decidere di interrompere il sito per motivi di manutenzione tecnica. REGNARD TECHNOLOGIES far\u00e0 il possibile per informare in anticipo gli utenti delle date e degli orari dell&#8217;intervento. <\/p><p>Il sito https:\/\/www.regnardtechnologie.fr\/ viene aggiornato regolarmente da REGNARD TECHNOLOGIES. Allo stesso modo, le note legali possono essere modificate in qualsiasi momento: esse sono comunque vincolanti per l&#8217;utente, che \u00e8 invitato a consultarle il pi\u00f9 spesso possibile per prenderne visione. <\/p><h4>3. Descrizione dei servizi forniti.<\/h4><p>Lo scopo del sito web https:\/\/www.regnardtechnologie.fr\/ \u00e8 quello di fornire informazioni su tutte le attivit\u00e0 dell&#8217;azienda.<\/p><p>REGNARD TECHNOLOGIES si impegna a fornire sul sito https:\/\/www.regnardtechnologie.fr\/ informazioni il pi\u00f9 possibile accurate. Tuttavia, REGNARD TECHNOLOGIES non pu\u00f2 essere ritenuta responsabile per eventuali omissioni, imprecisioni o mancati aggiornamenti di tali informazioni, siano essi causati da REGNARD TECHNOLOGIES o da partner terzi che forniscono tali informazioni. <\/p><p>Tutte le informazioni fornite sul sito web https:\/\/www.regnardtechnologie.fr\/ sono fornite a titolo indicativo e sono soggette a modifiche. Inoltre, le informazioni contenute nel sito https:\/\/www.regnardtechnologie.fr\/ non sono esaustive. Sono soggette a modifiche da quando sono state messe online.  <\/p><h4>4. Limitazioni contrattuali sui dati tecnici.<\/h4><p>Il sito utilizza la tecnologia JavaScript.<\/p><p>Il sito non pu\u00f2 essere ritenuto responsabile di eventuali danni materiali derivanti dall&#8217;uso del sito. Inoltre, gli utenti del sito si impegnano ad accedervi con apparecchiature recenti e prive di virus e con un browser aggiornato e di ultima generazione. <\/p><h4>5. Propriet\u00e0 intellettuale e contraffazione.<\/h4><p>REGNARD TECHNOLOGIES \u00e8 titolare dei diritti di propriet\u00e0 intellettuale o detiene i diritti di utilizzo di tutti gli elementi accessibili sul sito, in particolare testi, immagini, grafici, loghi, icone, suoni e software.<\/p><p>\u00c8 vietata la riproduzione, la rappresentazione, la modifica, la pubblicazione, l&#8217;adattamento di tutti o parte degli elementi del sito, qualunque sia il mezzo o il processo utilizzato, salvo previa autorizzazione scritta di : REGNARD TECHNOLOGIES.<\/p><p>Qualsiasi utilizzo non autorizzato del sito o di qualsiasi elemento in esso contenuto sar\u00e0 considerato come una violazione e sar\u00e0 perseguito in conformit\u00e0 alle disposizioni degli articoli L.335-2 e seguenti del Codice della Propriet\u00e0 Intellettuale francese.<\/p><h4>6. Limitazione di responsabilit\u00e0.<\/h4><p>REGNARD TECHNOLOGIES non potr\u00e0 essere ritenuta responsabile per eventuali danni diretti o indiretti causati all&#8217;apparecchiatura dell&#8217;utente durante l&#8217;accesso al sito https:\/\/www.regnardtechnologie.fr\/, derivanti sia dall&#8217;utilizzo di un&#8217;apparecchiatura non conforme alle specifiche indicate al punto 4, sia dalla comparsa di un bug o di un&#8217;incompatibilit\u00e0.<\/p><p>REGNARD TECHNOLOGIES non potr\u00e0 inoltre essere ritenuta responsabile per danni indiretti (come la perdita di mercato o di opportunit\u00e0) derivanti dall&#8217;utilizzo del sito web https:\/\/www.regnardtechnologie.fr\/.<\/p><p>Gli utenti hanno a disposizione aree interattive (possibilit\u00e0 di porre domande nell&#8217;area contatti). REGNARD TECHNOLOGIES si riserva il diritto di eliminare, senza preavviso, qualsiasi contenuto pubblicato in quest&#8217;area che violi la legislazione applicabile in Francia, in particolare le disposizioni relative alla protezione dei dati. Ove applicabile, REGNARD TECHNOLOGIES si riserva inoltre il diritto di ritenere l&#8217;utente responsabile civilmente e\/o penalmente, in particolare in caso di messaggi di natura razzista, ingiuriosa, diffamatoria o pornografica, indipendentemente dal mezzo utilizzato (testo, fotografie, ecc.).  <\/p><h4>7. Gestione dei dati personali.<\/h4><p>In Francia, i dati personali sono protetti dalla legge n. 78-87 del 6 gennaio 1978, dalla legge n. 2004-801 del 6 agosto 2004, dall&#8217;articolo L. 226-13 del Codice Penale e dalla Direttiva Europea del 24 ottobre 1995.<\/p><p>Quando si utilizza il sito web https:\/\/www.regnardtechnologie.fr\/, possono essere raccolte le seguenti informazioni: l&#8217;URL dei link attraverso i quali l&#8217;utente accede al sito web https:\/\/www.regnardtechnologie.fr\/, il provider di accesso dell&#8217;utente, l&#8217;indirizzo del protocollo Internet (IP) dell&#8217;utente.<\/p><p>In ogni caso, Julie REGNARD TECHNOLOGIES raccoglie le informazioni personali relative all&#8217;utente solo ai fini di alcuni servizi offerti dal sito https:\/\/www.regnardtechnologie.fr\/. Gli utenti forniscono queste informazioni con cognizione di causa, in particolare quando le inseriscono loro stessi. Gli utenti del sito web https:\/\/www.regnardtechnologie.fr\/ vengono poi informati se sono tenuti o meno a fornire tali informazioni. <\/p><p>In conformit\u00e0 alle disposizioni degli articoli 38 e seguenti della Legge 78-17 del 6 gennaio 1978 sul trattamento dei dati, degli archivi e delle libert\u00e0 individuali, tutti gli utenti hanno il diritto di accedere, rettificare e opporsi a qualsiasi dato personale che li riguardi, inviando una richiesta scritta e firmata, accompagnata da una copia del documento d&#8217;identit\u00e0 recante la firma dell&#8217;intestatario del documento, specificando l&#8217;indirizzo a cui inviare la risposta.<\/p><p>Nessuna informazione personale dell&#8217;utente del sito https:\/\/www.regnardtechnologie.fr\/ viene pubblicata all&#8217;insaputa dell&#8217;utente, scambiata, trasferita, ceduta o venduta su qualsiasi supporto a terzi. Solo l&#8217;ipotesi di riacquisto di REGNARD TECHNOLOGIES e dei suoi diritti consentirebbe la trasmissione delle suddette informazioni all&#8217;eventuale acquirente che sarebbe a sua volta tenuto allo stesso obbligo di conservazione e modifica dei dati rispetto all&#8217;utente del sito https:\/\/www.regnardtechnologie.fr\/. <\/p><p>Il sito non \u00e8 stato dichiarato alla CNIL in quanto non raccoglie informazioni personali.<\/p><p>Le banche dati sono protette dalle disposizioni della legge del 1 luglio 1998 che recepisce la direttiva 96\/9 dell&#8217;11 marzo 1996 sulla tutela giuridica delle banche dati.<\/p><h4>8. Link ipertestuali e cookie.<\/h4><p>Il sito https:\/\/www.regnardtechnologie.fr\/ contiene una serie di collegamenti ipertestuali ad altri siti, creati con l&#8217;autorizzazione di REGNARD TECHNOLOGIES. Tuttavia, REGNARD TECHNOLOGIES non \u00e8 in grado di controllare il contenuto dei siti visitati in questo modo e, di conseguenza, non si assume alcuna responsabilit\u00e0 al riguardo. <\/p><p>La navigazione sul sito web https:\/\/www.regnardtechnologie.fr\/ pu\u00f2 causare l&#8217;installazione di cookie sul computer dell&#8217;utente. Un cookie \u00e8 un piccolo file che non consente di identificare l&#8217;utente, ma che registra informazioni relative alla navigazione di un computer su un sito. I dati ottenuti in questo modo hanno lo scopo di facilitare la successiva navigazione del sito e vengono utilizzati anche per misurare il numero di visitatori.  <\/p><p>Il rifiuto di installare un cookie pu\u00f2 rendere impossibile l&#8217;accesso a determinati servizi. Tuttavia, gli utenti possono configurare il proprio computer come segue per rifiutare l&#8217;installazione dei cookie: <\/p><p>In Internet Explorer: scheda Strumenti (icona a forma di ruota in alto a destra) \/ Opzioni Internet. Clicca su Riservatezza e scegli Blocca tutti i cookie. Conferma con Ok.  <\/p><p>Firefox: nella parte superiore della finestra del browser, clicca sul pulsante Firefox, quindi vai alla scheda Opzioni. Clicca sulla scheda Privacy. Imposta le Regole di conservazione su: utilizza impostazioni personalizzate per la cronologia. Infine, deseleziona per disattivare i cookie.   <\/p><p>Su Safari: clicca sull&#8217;icona del menu (simboleggiata da un ingranaggio) in alto a destra del browser. Seleziona Impostazioni. Clicca su Mostra impostazioni avanzate. Nella sezione &#8220;Riservatezza&#8221;, clicca su Impostazioni dei contenuti. Nella sezione &#8220;Cookie&#8221; puoi bloccare i cookie.    <\/p><p>In Chrome: clicca sull&#8217;icona del menu (simboleggiata da tre linee orizzontali) in alto a destra del browser. Seleziona Impostazioni. Clicca su Mostra impostazioni avanzate. Nella sezione &#8220;Riservatezza&#8221;, clicca su Preferenze. Nella scheda &#8220;Riservatezza&#8221; puoi bloccare i cookie.    <\/p><h4>9. Legge applicabile e giurisdizione.<\/h4><p>Qualsiasi controversia relativa all&#8217;utilizzo del sito web https:\/\/www.regnardtechnologie.fr\/ \u00e8 soggetta alla legge francese. I tribunali competenti di Parigi hanno giurisdizione esclusiva. <\/p><h4>10. Le principali leggi interessate.<\/h4><p>Legge n. 78-17 del 6 gennaio 1978, modificata dalla legge n. 2004-801 del 6 agosto 2004 sul trattamento dei dati, sugli archivi e sulle libert\u00e0 individuali.<\/p><p>Legge n. 2004-575 del 21 giugno 2004 sulla fiducia nell&#8217;economia digitale.<\/p><h4>11. Glossario.<\/h4><p>Utente: utente di Internet che si connette e utilizza il sito di cui sopra.<\/p><p>Informazioni personali: &#8220;informazioni che consentono, in qualsiasi forma, direttamente o indirettamente, l&#8217;identificazione delle persone fisiche cui si riferiscono&#8221; (articolo 4 della legge n. 78-17 del 6 gennaio 1978).<\/p>\t\t\t\t\t\t\t\t<\/div>\n\t\t\t\t<\/div>\n\t\t\t\t\t<\/div>\n\t\t\t\t<\/div>\n\t\t\t\t<\/div>\n\t\t","protected":false},"excerpt":{"rendered":"<p>Informazioni legali 1. Presentazione del sito. Ai sensi dell&#8217;articolo 6 della legge n. 2004-575 del 21 giugno 2004 sulla fiducia nell&#8217;economia digitale, gli utenti del sito web https:\/\/www.regnardtechnologie.com\/ sono informati dell&#8217;identit\u00e0 dei vari soggetti coinvolti nella creazione e nel monitoraggio del sito: Proprietario: Julie FLORIN REGNARD, Loic REGNARD e Patrice REGNARD &#8211; REGNARD TECHNOLOGIES &#8211; [&hellip;]<\/p>\n","protected":false},"author":1,"featured_media":0,"parent":0,"menu_order":0,"comment_status":"closed","ping_status":"closed","template":"elementor_header_footer","meta":{"footnotes":""},"class_list":["post-5040","page","type-page","status-publish","hentry"],"_links":{"self":[{"href":"https:\/\/www.regnardtechnologie.com\/it\/wp-json\/wp\/v2\/pages\/5040","targetHints":{"allow":["GET"]}}],"collection":[{"href":"https:\/\/www.regnardtechnologie.com\/it\/wp-json\/wp\/v2\/pages"}],"about":[{"href":"https:\/\/www.regnardtechnologie.com\/it\/wp-json\/wp\/v2\/types\/page"}],"author":[{"embeddable":true,"href":"https:\/\/www.regnardtechnologie.com\/it\/wp-json\/wp\/v2\/users\/1"}],"replies":[{"embeddable":true,"href":"https:\/\/www.regnardtechnologie.com\/it\/wp-json\/wp\/v2\/comments?post=5040"}],"version-history":[{"count":1,"href":"https:\/\/www.regnardtechnologie.com\/it\/wp-json\/wp\/v2\/pages\/5040\/revisions"}],"predecessor-version":[{"id":5041,"href":"https:\/\/www.regnardtechnologie.com\/it\/wp-json\/wp\/v2\/pages\/5040\/revisions\/5041"}],"wp:attachment":[{"href":"https:\/\/www.regnardtechnologie.com\/it\/wp-json\/wp\/v2\/media?parent=5040"}],"curies":[{"name":"wp","href":"https:\/\/api.w.org\/{rel}","templated":true}]}}