{"id":4872,"date":"2025-09-19T09:40:08","date_gmt":"2025-09-19T09:40:08","guid":{"rendered":"https:\/\/www.regnardtechnologie.com\/fiera-della-subfornitura-automobilistica-amica-tangeri\/"},"modified":"2025-12-18T09:27:47","modified_gmt":"2025-12-18T09:27:47","slug":"fiera-della-subfornitura-automobilistica-amica-tangeri","status":"publish","type":"page","link":"https:\/\/www.regnardtechnologie.com\/it\/fiera-della-subfornitura-automobilistica-amica-tangeri\/","title":{"rendered":"Fiera della subfornitura automobilistica AMICA Tangeri"},"content":{"rendered":"\t\t<div data-elementor-type=\"wp-page\" data-elementor-id=\"4872\" class=\"elementor elementor-4872 elementor-1848\" data-elementor-post-type=\"page\">\n\t\t\t\t<div class=\"elementor-element elementor-element-33360e1 e-flex e-con-boxed e-con e-parent\" data-id=\"33360e1\" data-element_type=\"container\" data-settings=\"{&quot;background_background&quot;:&quot;classic&quot;}\">\n\t\t\t\t\t<div class=\"e-con-inner\">\n\t\t<div class=\"elementor-element elementor-element-eb51528 e-con-full e-flex e-con e-child\" data-id=\"eb51528\" data-element_type=\"container\">\n\t\t\t\t<div class=\"elementor-element elementor-element-3fcedfc elementor-widget-divider--view-line_text elementor-widget-divider--element-align-right elementor-widget-tablet__width-initial elementor-widget__width-initial elementor-widget elementor-widget-divider\" data-id=\"3fcedfc\" data-element_type=\"widget\" data-widget_type=\"divider.default\">\n\t\t\t\t<div class=\"elementor-widget-container\">\n\t\t\t\t\t\t\t<div class=\"elementor-divider\">\n\t\t\t<span class=\"elementor-divider-separator\">\n\t\t\t\t\t\t\t<span class=\"elementor-divider__text elementor-divider__element\">\n\t\t\t\t<b>Notizie<\/b>\t\t\t\t<\/span>\n\t\t\t\t\t\t<\/span>\n\t\t<\/div>\n\t\t\t\t\t\t<\/div>\n\t\t\t\t<\/div>\n\t\t\t\t<div class=\"elementor-element elementor-element-5b545d1 elementor-widget__width-initial elementor-widget-mobile__width-initial elementor-widget elementor-widget-heading\" data-id=\"5b545d1\" data-element_type=\"widget\" data-widget_type=\"heading.default\">\n\t\t\t\t<div class=\"elementor-widget-container\">\n\t\t\t\t\t<h2 class=\"elementor-heading-title elementor-size-default\">Fiera della subfornitura automobilistica AMICA Tangeri<\/h2>\t\t\t\t<\/div>\n\t\t\t\t<\/div>\n\t\t\t\t<div class=\"elementor-element elementor-element-dcc8d77 elementor-widget__width-initial elementor-widget-mobile__width-initial elementor-widget elementor-widget-text-editor\" data-id=\"dcc8d77\" data-element_type=\"widget\" data-widget_type=\"text-editor.default\">\n\t\t\t\t<div class=\"elementor-widget-container\">\n\t\t\t\t\t\t\t\t\t<p>Alla fiera della subfornitura automobilistica 2023, il nostro stand ha attirato l&#8217;attenzione del ministro durante il suo tour.<\/p>\t\t\t\t\t\t\t\t<\/div>\n\t\t\t\t<\/div>\n\t\t\t\t<\/div>\n\t\t\t\t\t<\/div>\n\t\t\t\t<\/div>\n\t\t<div class=\"elementor-element elementor-element-04cce3e e-flex e-con-boxed e-con e-parent\" data-id=\"04cce3e\" data-element_type=\"container\">\n\t\t\t\t\t<div class=\"e-con-inner\">\n\t\t\t\t\t<\/div>\n\t\t\t\t<\/div>\n\t\t<div class=\"elementor-element elementor-element-f09514f e-flex e-con-boxed e-con e-parent\" data-id=\"f09514f\" data-element_type=\"container\">\n\t\t\t\t\t<div class=\"e-con-inner\">\n\t\t\t\t<div class=\"elementor-element elementor-element-9b0f2d4 elementor-widget elementor-widget-text-editor\" data-id=\"9b0f2d4\" data-element_type=\"widget\" data-widget_type=\"text-editor.default\">\n\t\t\t\t<div class=\"elementor-widget-container\">\n\t\t\t\t\t\t\t\t\t<p data-start=\"97\" data-end=\"548\">Durante l&#8217;edizione 2023 di Tangeri, la delegazione ministeriale si \u00e8 fermata al nostro stand per uno scambio diretto ed esigente. Le domande si sono concentrate sull&#8217;essenziale: <g id=\"gid_0\">dove<\/g> effettuiamo le nostre riparazioni e <g id=\"gid_1\">chi<\/g> esegue effettivamente il lavoro? Abbiamo dato una risposta diretta: <strong data-start=\"403\" data-end=\"440\">tutti i<\/strong> nostri lavori vengono eseguiti <strong data-start=\"403\" data-end=\"440\">in Marocco<\/strong>, nella nostra officina, <strong data-start=\"462\" data-end=\"493\">dai nostri tecnici<\/strong>, con un controllo di qualit\u00e0 documentato prima della restituzione.  <\/p><p data-start=\"550\" data-end=\"1169\">In loco, abbiamo presentato i componenti elettromeccanici (servomotori, riduttori) e descritto il nostro approccio: diagnosi in officina, rimessa a nuovo, quindi test al banco sotto carico. Ogni apparecchiatura viene consegnata con un <strong data-start=\"789\" data-end=\"811\">rapporto di misurazione<\/strong> (valori prima\/dopo, osservazioni e raccomandazioni), che rassicura i siti produttivi sull&#8217;affidabilit\u00e0 e sul tempo medio tra i guasti. Soprattutto, questa dimostrazione ha evidenziato la <strong data-start=\"1005\" data-end=\"1033\">vicinanza operativa<\/strong>: meno trasporti, tempi di consegna pi\u00f9 brevi, costi logistici inferiori e contatti tecnici che conoscono il territorio.  <\/p><p data-start=\"1171\" data-end=\"1737\">Al di l\u00e0 dell&#8217;officina in s\u00e9, la posta in gioco \u00e8 strategica per l&#8217;ecosistema: mantenere le <strong data-start=\"1250\" data-end=\"1285\">competenze e il valore aggiunto<\/strong> nel paese, distendere i rapporti con i clienti e accelerare il ritorno in servizio quando le apparecchiature critiche vengono fermate. \u00c8 proprio questo l&#8217;obiettivo della visita ufficiale: la realt\u00e0 dell&#8217;esecuzione, la tracciabilit\u00e0 e la capacit\u00e0 di rispettare le scadenze e gli impegni di qualit\u00e0. I colloqui hanno confermato l&#8217;interesse per le prove di riparazione e gli accordi di manutenzione adattati ai vincoli industriali locali.  <\/p>\t\t\t\t\t\t\t\t<\/div>\n\t\t\t\t<\/div>\n\t\t\t\t\t<\/div>\n\t\t\t\t<\/div>\n\t\t<div class=\"elementor-element elementor-element-15d9edb e-flex e-con-boxed e-con e-parent\" data-id=\"15d9edb\" data-element_type=\"container\" data-settings=\"{&quot;background_background&quot;:&quot;classic&quot;}\">\n\t\t\t\t\t<div class=\"e-con-inner\">\n\t\t<div class=\"elementor-element elementor-element-2789001 e-con-full e-flex e-con e-child\" data-id=\"2789001\" data-element_type=\"container\">\n\t\t\t\t<div class=\"elementor-element elementor-element-2b50db9 elementor-widget elementor-widget-image\" data-id=\"2b50db9\" data-element_type=\"widget\" data-widget_type=\"image.default\">\n\t\t\t\t<div class=\"elementor-widget-container\">\n\t\t\t\t\t\t\t\t\t\t\t\t\t\t\t<img fetchpriority=\"high\" decoding=\"async\" width=\"800\" height=\"578\" src=\"https:\/\/www.regnardtechnologie.com\/wp-content\/uploads\/2025\/12\/delegation-maroc-stand-regnard-Ibtissam-Lamrani.jpg\" class=\"attachment-large size-large wp-image-4810\" alt=\"delegazione maroc stand regnard Ibtissam Lamrani\" srcset=\"https:\/\/www.regnardtechnologie.com\/wp-content\/uploads\/2025\/12\/delegation-maroc-stand-regnard-Ibtissam-Lamrani.jpg 1000w, https:\/\/www.regnardtechnologie.com\/wp-content\/uploads\/2025\/12\/delegation-maroc-stand-regnard-Ibtissam-Lamrani-300x217.jpg 300w, https:\/\/www.regnardtechnologie.com\/wp-content\/uploads\/2025\/12\/delegation-maroc-stand-regnard-Ibtissam-Lamrani-768x555.jpg 768w\" sizes=\"(max-width: 800px) 100vw, 800px\" \/>\t\t\t\t\t\t\t\t\t\t\t\t\t\t\t<\/div>\n\t\t\t\t<\/div>\n\t\t\t\t<\/div>\n\t\t<div class=\"elementor-element elementor-element-8b99f97 e-con-full e-flex e-con e-child\" data-id=\"8b99f97\" data-element_type=\"container\">\n\t\t\t\t<div class=\"elementor-element elementor-element-83e51ce elementor-widget elementor-widget-image\" data-id=\"83e51ce\" data-element_type=\"widget\" data-widget_type=\"image.default\">\n\t\t\t\t<div class=\"elementor-widget-container\">\n\t\t\t\t\t\t\t\t\t\t\t\t\t\t\t<img decoding=\"async\" width=\"800\" height=\"541\" src=\"https:\/\/www.regnardtechnologie.com\/wp-content\/uploads\/2025\/12\/delegation-maroc-stand-regnard-Jamel-Elfilali.jpg\" class=\"attachment-large size-large wp-image-4837\" alt=\"La delegazione marocchina regna in piedi Jamel Elfilali\" srcset=\"https:\/\/www.regnardtechnologie.com\/wp-content\/uploads\/2025\/12\/delegation-maroc-stand-regnard-Jamel-Elfilali.jpg 1024w, https:\/\/www.regnardtechnologie.com\/wp-content\/uploads\/2025\/12\/delegation-maroc-stand-regnard-Jamel-Elfilali-300x203.jpg 300w, https:\/\/www.regnardtechnologie.com\/wp-content\/uploads\/2025\/12\/delegation-maroc-stand-regnard-Jamel-Elfilali-768x520.jpg 768w\" sizes=\"(max-width: 800px) 100vw, 800px\" \/>\t\t\t\t\t\t\t\t\t\t\t\t\t\t\t<\/div>\n\t\t\t\t<\/div>\n\t\t\t\t<\/div>\n\t\t\t\t\t<\/div>\n\t\t\t\t<\/div>\n\t\t<div class=\"elementor-element elementor-element-5ee538c e-flex e-con-boxed e-con e-parent\" data-id=\"5ee538c\" data-element_type=\"container\">\n\t\t\t\t\t<div class=\"e-con-inner\">\n\t\t\t\t<div class=\"elementor-element elementor-element-db87677 elementor-widget elementor-widget-text-editor\" data-id=\"db87677\" data-element_type=\"widget\" data-widget_type=\"text-editor.default\">\n\t\t\t\t<div class=\"elementor-widget-container\">\n\t\t\t\t\t\t\t\t\t<p>Prima immagine: <strong data-start=\"1807\" data-end=\"1827\">Ibtissam Lamrani <\/strong>Seconda immagine: <strong data-start=\"1842\" data-end=\"1860\">Jamel Elfilali<\/strong><\/p><p data-start=\"1862\" data-end=\"2163\">Vuoi testare il nostro laboratorio su un campione rappresentativo o ottenere una rapida verifica delle tue apparecchiature critiche?<\/p><p data-start=\"1862\" data-end=\"2163\"><strong data-start=\"1989\" data-end=\"2007\">Contattaci<\/strong>: ti offriamo una sessione di diagnostica con rapporto di misurazione, pensata per ridurre i tempi di inattivit\u00e0 senza gravare sulle tue attivit\u00e0.<\/p>\t\t\t\t\t\t\t\t<\/div>\n\t\t\t\t<\/div>\n\t\t\t\t\t<\/div>\n\t\t\t\t<\/div>\n\t\t\t\t<\/div>\n\t\t","protected":false},"excerpt":{"rendered":"<p>Notizie Fiera della subfornitura automobilistica AMICA Tangeri Alla fiera della subfornitura automobilistica 2023, il nostro stand ha attirato l&#8217;attenzione del ministro durante il suo tour. Durante l&#8217;edizione 2023 di Tangeri, la delegazione ministeriale si \u00e8 fermata al nostro stand per uno scambio diretto ed esigente. Le domande si sono concentrate sull&#8217;essenziale: dove effettuiamo le nostre [&hellip;]<\/p>\n","protected":false},"author":1,"featured_media":0,"parent":0,"menu_order":0,"comment_status":"closed","ping_status":"closed","template":"","meta":{"footnotes":""},"class_list":["post-4872","page","type-page","status-publish","hentry"],"_links":{"self":[{"href":"https:\/\/www.regnardtechnologie.com\/it\/wp-json\/wp\/v2\/pages\/4872","targetHints":{"allow":["GET"]}}],"collection":[{"href":"https:\/\/www.regnardtechnologie.com\/it\/wp-json\/wp\/v2\/pages"}],"about":[{"href":"https:\/\/www.regnardtechnologie.com\/it\/wp-json\/wp\/v2\/types\/page"}],"author":[{"embeddable":true,"href":"https:\/\/www.regnardtechnologie.com\/it\/wp-json\/wp\/v2\/users\/1"}],"replies":[{"embeddable":true,"href":"https:\/\/www.regnardtechnologie.com\/it\/wp-json\/wp\/v2\/comments?post=4872"}],"version-history":[{"count":1,"href":"https:\/\/www.regnardtechnologie.com\/it\/wp-json\/wp\/v2\/pages\/4872\/revisions"}],"predecessor-version":[{"id":4873,"href":"https:\/\/www.regnardtechnologie.com\/it\/wp-json\/wp\/v2\/pages\/4872\/revisions\/4873"}],"wp:attachment":[{"href":"https:\/\/www.regnardtechnologie.com\/it\/wp-json\/wp\/v2\/media?parent=4872"}],"curies":[{"name":"wp","href":"https:\/\/api.w.org\/{rel}","templated":true}]}}