{"id":4870,"date":"2025-09-19T09:40:08","date_gmt":"2025-09-19T09:40:08","guid":{"rendered":"https:\/\/www.regnardtechnologie.com\/amica-salon-de-la-subcontratacion-del-automovil-de-tanger\/"},"modified":"2025-12-18T09:27:47","modified_gmt":"2025-12-18T09:27:47","slug":"amica-salon-de-la-subcontratacion-del-automovil-de-tanger","status":"publish","type":"page","link":"https:\/\/www.regnardtechnologie.com\/es\/amica-salon-de-la-subcontratacion-del-automovil-de-tanger\/","title":{"rendered":"AMICA Sal\u00f3n de la subcontrataci\u00f3n del autom\u00f3vil de T\u00e1nger"},"content":{"rendered":"\t\t<div data-elementor-type=\"wp-page\" data-elementor-id=\"4870\" class=\"elementor elementor-4870 elementor-1848\" data-elementor-post-type=\"page\">\n\t\t\t\t<div class=\"elementor-element elementor-element-33360e1 e-flex e-con-boxed e-con e-parent\" data-id=\"33360e1\" data-element_type=\"container\" data-settings=\"{&quot;background_background&quot;:&quot;classic&quot;}\">\n\t\t\t\t\t<div class=\"e-con-inner\">\n\t\t<div class=\"elementor-element elementor-element-eb51528 e-con-full e-flex e-con e-child\" data-id=\"eb51528\" data-element_type=\"container\">\n\t\t\t\t<div class=\"elementor-element elementor-element-3fcedfc elementor-widget-divider--view-line_text elementor-widget-divider--element-align-right elementor-widget-tablet__width-initial elementor-widget__width-initial elementor-widget elementor-widget-divider\" data-id=\"3fcedfc\" data-element_type=\"widget\" data-widget_type=\"divider.default\">\n\t\t\t\t<div class=\"elementor-widget-container\">\n\t\t\t\t\t\t\t<div class=\"elementor-divider\">\n\t\t\t<span class=\"elementor-divider-separator\">\n\t\t\t\t\t\t\t<span class=\"elementor-divider__text elementor-divider__element\">\n\t\t\t\t<b>Noticias<\/b>\t\t\t\t<\/span>\n\t\t\t\t\t\t<\/span>\n\t\t<\/div>\n\t\t\t\t\t\t<\/div>\n\t\t\t\t<\/div>\n\t\t\t\t<div class=\"elementor-element elementor-element-5b545d1 elementor-widget__width-initial elementor-widget-mobile__width-initial elementor-widget elementor-widget-heading\" data-id=\"5b545d1\" data-element_type=\"widget\" data-widget_type=\"heading.default\">\n\t\t\t\t<div class=\"elementor-widget-container\">\n\t\t\t\t\t<h2 class=\"elementor-heading-title elementor-size-default\">AMICA Sal\u00f3n de la subcontrataci\u00f3n del autom\u00f3vil de T\u00e1nger<\/h2>\t\t\t\t<\/div>\n\t\t\t\t<\/div>\n\t\t\t\t<div class=\"elementor-element elementor-element-dcc8d77 elementor-widget__width-initial elementor-widget-mobile__width-initial elementor-widget elementor-widget-text-editor\" data-id=\"dcc8d77\" data-element_type=\"widget\" data-widget_type=\"text-editor.default\">\n\t\t\t\t<div class=\"elementor-widget-container\">\n\t\t\t\t\t\t\t\t\t<p>En la feria de subcontrataci\u00f3n del autom\u00f3vil 2023, nuestro stand llam\u00f3 la atenci\u00f3n del ministro durante su recorrido.<\/p>\t\t\t\t\t\t\t\t<\/div>\n\t\t\t\t<\/div>\n\t\t\t\t<\/div>\n\t\t\t\t\t<\/div>\n\t\t\t\t<\/div>\n\t\t<div class=\"elementor-element elementor-element-04cce3e e-flex e-con-boxed e-con e-parent\" data-id=\"04cce3e\" data-element_type=\"container\">\n\t\t\t\t\t<div class=\"e-con-inner\">\n\t\t\t\t\t<\/div>\n\t\t\t\t<\/div>\n\t\t<div class=\"elementor-element elementor-element-f09514f e-flex e-con-boxed e-con e-parent\" data-id=\"f09514f\" data-element_type=\"container\">\n\t\t\t\t\t<div class=\"e-con-inner\">\n\t\t\t\t<div class=\"elementor-element elementor-element-9b0f2d4 elementor-widget elementor-widget-text-editor\" data-id=\"9b0f2d4\" data-element_type=\"widget\" data-widget_type=\"text-editor.default\">\n\t\t\t\t<div class=\"elementor-widget-container\">\n\t\t\t\t\t\t\t\t\t<p data-start=\"97\" data-end=\"548\">Durante la edici\u00f3n de 2023 en T\u00e1nger, la delegaci\u00f3n ministerial se detuvo en nuestro stand para mantener un intercambio directo y exigente. Las preguntas se centraron en lo esencial: <strong data-start=\"266\" data-end=\"272\">\u00bfd\u00f3nde<\/strong> realizamos nuestras reparaciones y <strong data-start=\"307\" data-end=\"314\">qui\u00e9n<\/strong> hace realmente el trabajo? Dimos una respuesta directa: <strong data-start=\"403\" data-end=\"440\">todos nuestros trabajos se realizan en Marruecos<\/strong>, en nuestro propio taller, <strong data-start=\"462\" data-end=\"493\">por nuestros propios t\u00e9cnicos<\/strong>, con un control de calidad documentado antes de la devoluci\u00f3n.  <\/p><p data-start=\"550\" data-end=\"1169\">In situ, presentamos componentes electromec\u00e1nicos (servomotores, cajas de engranajes) y describimos nuestro enfoque: diagn\u00f3stico en taller, reacondicionamiento y, a continuaci\u00f3n, pruebas en banco bajo carga. Cada equipo sale con un <strong data-start=\"789\" data-end=\"811\">informe de medici\u00f3n<\/strong> (valores antes\/despu\u00e9s, observaciones y recomendaciones), que tranquiliza a los centros de producci\u00f3n sobre la fiabilidad y el tiempo medio entre aver\u00edas. Sobre todo, esta demostraci\u00f3n puso de relieve la <strong data-start=\"1005\" data-end=\"1033\">proximidad operativa<\/strong>: menos transporte, plazos de entrega m\u00e1s cortos, menores costes log\u00edsticos y contactos t\u00e9cnicos que conocen el terreno.  <\/p><p data-start=\"1171\" data-end=\"1737\">M\u00e1s all\u00e1 del propio taller, lo que est\u00e1 en juego es estrat\u00e9gico para el ecosistema: mantener <strong data-start=\"1250\" data-end=\"1285\">las competencias y el valor a\u00f1adido<\/strong> en el pa\u00eds, suavizar las relaciones con los clientes y acelerar la vuelta al servicio cuando se paran equipos cr\u00edticos. Esto es precisamente lo que la visita oficial pretend\u00eda sondear: la realidad de la ejecuci\u00f3n, la trazabilidad y la capacidad de cumplir los plazos y los compromisos de calidad. Las conversaciones confirmaron el inter\u00e9s por las pruebas de reparaci\u00f3n y los acuerdos de mantenimiento adaptados a las limitaciones industriales locales.  <\/p>\t\t\t\t\t\t\t\t<\/div>\n\t\t\t\t<\/div>\n\t\t\t\t\t<\/div>\n\t\t\t\t<\/div>\n\t\t<div class=\"elementor-element elementor-element-15d9edb e-flex e-con-boxed e-con e-parent\" data-id=\"15d9edb\" data-element_type=\"container\" data-settings=\"{&quot;background_background&quot;:&quot;classic&quot;}\">\n\t\t\t\t\t<div class=\"e-con-inner\">\n\t\t<div class=\"elementor-element elementor-element-2789001 e-con-full e-flex e-con e-child\" data-id=\"2789001\" data-element_type=\"container\">\n\t\t\t\t<div class=\"elementor-element elementor-element-2b50db9 elementor-widget elementor-widget-image\" data-id=\"2b50db9\" data-element_type=\"widget\" data-widget_type=\"image.default\">\n\t\t\t\t<div class=\"elementor-widget-container\">\n\t\t\t\t\t\t\t\t\t\t\t\t\t\t\t<img fetchpriority=\"high\" decoding=\"async\" width=\"800\" height=\"578\" src=\"https:\/\/www.regnardtechnologie.com\/wp-content\/uploads\/2025\/12\/delegation-maroc-stand-regnard-Ibtissam-Lamrani.jpg\" class=\"attachment-large size-large wp-image-4815\" alt=\"delegaci\u00f3n marruecos stand regnard Ibtissam Lamrani\" srcset=\"https:\/\/www.regnardtechnologie.com\/wp-content\/uploads\/2025\/12\/delegation-maroc-stand-regnard-Ibtissam-Lamrani.jpg 1000w, https:\/\/www.regnardtechnologie.com\/wp-content\/uploads\/2025\/12\/delegation-maroc-stand-regnard-Ibtissam-Lamrani-300x217.jpg 300w, https:\/\/www.regnardtechnologie.com\/wp-content\/uploads\/2025\/12\/delegation-maroc-stand-regnard-Ibtissam-Lamrani-768x555.jpg 768w\" sizes=\"(max-width: 800px) 100vw, 800px\" \/>\t\t\t\t\t\t\t\t\t\t\t\t\t\t\t<\/div>\n\t\t\t\t<\/div>\n\t\t\t\t<\/div>\n\t\t<div class=\"elementor-element elementor-element-8b99f97 e-con-full e-flex e-con e-child\" data-id=\"8b99f97\" data-element_type=\"container\">\n\t\t\t\t<div class=\"elementor-element elementor-element-83e51ce elementor-widget elementor-widget-image\" data-id=\"83e51ce\" data-element_type=\"widget\" data-widget_type=\"image.default\">\n\t\t\t\t<div class=\"elementor-widget-container\">\n\t\t\t\t\t\t\t\t\t\t\t\t\t\t\t<img decoding=\"async\" width=\"800\" height=\"541\" src=\"https:\/\/www.regnardtechnologie.com\/wp-content\/uploads\/2025\/12\/delegation-maroc-stand-regnard-Jamel-Elfilali.jpg\" class=\"attachment-large size-large wp-image-4826\" alt=\"delegaci\u00f3n marruecos stand regnard Jamel Elfilali\" srcset=\"https:\/\/www.regnardtechnologie.com\/wp-content\/uploads\/2025\/12\/delegation-maroc-stand-regnard-Jamel-Elfilali.jpg 1024w, https:\/\/www.regnardtechnologie.com\/wp-content\/uploads\/2025\/12\/delegation-maroc-stand-regnard-Jamel-Elfilali-300x203.jpg 300w, https:\/\/www.regnardtechnologie.com\/wp-content\/uploads\/2025\/12\/delegation-maroc-stand-regnard-Jamel-Elfilali-768x520.jpg 768w\" sizes=\"(max-width: 800px) 100vw, 800px\" \/>\t\t\t\t\t\t\t\t\t\t\t\t\t\t\t<\/div>\n\t\t\t\t<\/div>\n\t\t\t\t<\/div>\n\t\t\t\t\t<\/div>\n\t\t\t\t<\/div>\n\t\t<div class=\"elementor-element elementor-element-5ee538c e-flex e-con-boxed e-con e-parent\" data-id=\"5ee538c\" data-element_type=\"container\">\n\t\t\t\t\t<div class=\"e-con-inner\">\n\t\t\t\t<div class=\"elementor-element elementor-element-db87677 elementor-widget elementor-widget-text-editor\" data-id=\"db87677\" data-element_type=\"widget\" data-widget_type=\"text-editor.default\">\n\t\t\t\t<div class=\"elementor-widget-container\">\n\t\t\t\t\t\t\t\t\t<p>Primera imagen: <strong data-start=\"1807\" data-end=\"1827\">Ibtissam Lamrani <\/strong>Segunda imagen: <strong data-start=\"1842\" data-end=\"1860\">Jamel Elfilali<\/strong><\/p><p data-start=\"1862\" data-end=\"2163\">\u00bfQuieres probar nuestro taller en una muestra representativa u obtener una auditor\u00eda r\u00e1pida de tus equipos cr\u00edticos?<\/p><p data-start=\"1862\" data-end=\"2163\"><strong data-start=\"1989\" data-end=\"2007\">Ponte en contacto con nosotros<\/strong>: te ofrecemos una sesi\u00f3n de diagn\u00f3stico con informe de mediciones, dise\u00f1ada para reducir tu tiempo de inactividad sin sobrecargar tus operaciones.<\/p>\t\t\t\t\t\t\t\t<\/div>\n\t\t\t\t<\/div>\n\t\t\t\t\t<\/div>\n\t\t\t\t<\/div>\n\t\t\t\t<\/div>\n\t\t","protected":false},"excerpt":{"rendered":"<p>Noticias AMICA Sal\u00f3n de la subcontrataci\u00f3n del autom\u00f3vil de T\u00e1nger En la feria de subcontrataci\u00f3n del autom\u00f3vil 2023, nuestro stand llam\u00f3 la atenci\u00f3n del ministro durante su recorrido. Durante la edici\u00f3n de 2023 en T\u00e1nger, la delegaci\u00f3n ministerial se detuvo en nuestro stand para mantener un intercambio directo y exigente. Las preguntas se centraron en [&hellip;]<\/p>\n","protected":false},"author":1,"featured_media":0,"parent":0,"menu_order":0,"comment_status":"closed","ping_status":"closed","template":"","meta":{"footnotes":""},"class_list":["post-4870","page","type-page","status-publish","hentry"],"_links":{"self":[{"href":"https:\/\/www.regnardtechnologie.com\/es\/wp-json\/wp\/v2\/pages\/4870","targetHints":{"allow":["GET"]}}],"collection":[{"href":"https:\/\/www.regnardtechnologie.com\/es\/wp-json\/wp\/v2\/pages"}],"about":[{"href":"https:\/\/www.regnardtechnologie.com\/es\/wp-json\/wp\/v2\/types\/page"}],"author":[{"embeddable":true,"href":"https:\/\/www.regnardtechnologie.com\/es\/wp-json\/wp\/v2\/users\/1"}],"replies":[{"embeddable":true,"href":"https:\/\/www.regnardtechnologie.com\/es\/wp-json\/wp\/v2\/comments?post=4870"}],"version-history":[{"count":1,"href":"https:\/\/www.regnardtechnologie.com\/es\/wp-json\/wp\/v2\/pages\/4870\/revisions"}],"predecessor-version":[{"id":4871,"href":"https:\/\/www.regnardtechnologie.com\/es\/wp-json\/wp\/v2\/pages\/4870\/revisions\/4871"}],"wp:attachment":[{"href":"https:\/\/www.regnardtechnologie.com\/es\/wp-json\/wp\/v2\/media?parent=4870"}],"curies":[{"name":"wp","href":"https:\/\/api.w.org\/{rel}","templated":true}]}}