{"id":2459,"date":"2025-04-10T07:25:52","date_gmt":"2025-04-10T07:25:52","guid":{"rendered":"https:\/\/www.regnardtechnologie.com\/datenschutzrichtlinie\/"},"modified":"2025-12-24T06:16:34","modified_gmt":"2025-12-24T06:16:34","slug":"datenschutzrichtlinie","status":"publish","type":"page","link":"https:\/\/www.regnardtechnologie.com\/de\/datenschutzrichtlinie\/","title":{"rendered":"Datenschutzrichtlinie"},"content":{"rendered":"\t\t<div data-elementor-type=\"wp-page\" data-elementor-id=\"2459\" class=\"elementor elementor-2459 elementor-334\" data-elementor-post-type=\"page\">\n\t\t\t\t<div class=\"elementor-element elementor-element-e0af4b5 e-flex e-con-boxed e-con e-parent\" data-id=\"e0af4b5\" data-element_type=\"container\" data-settings=\"{&quot;background_background&quot;:&quot;classic&quot;}\">\n\t\t\t\t\t<div class=\"e-con-inner\">\n\t\t\t\t<div class=\"elementor-element elementor-element-53169c8 elementor-widget elementor-widget-heading\" data-id=\"53169c8\" data-element_type=\"widget\" data-widget_type=\"heading.default\">\n\t\t\t\t<div class=\"elementor-widget-container\">\n\t\t\t\t\t<h2 class=\"elementor-heading-title elementor-size-default\">Datenschutzrichtlinie<\/h2>\t\t\t\t<\/div>\n\t\t\t\t<\/div>\n\t\t\t\t\t<\/div>\n\t\t\t\t<\/div>\n\t\t<div class=\"elementor-element elementor-element-e8b052c e-flex e-con-boxed e-con e-parent\" data-id=\"e8b052c\" data-element_type=\"container\">\n\t\t\t\t\t<div class=\"e-con-inner\">\n\t\t\t\t<div class=\"elementor-element elementor-element-f314b18 elementor-widget elementor-widget-text-editor\" data-id=\"f314b18\" data-element_type=\"widget\" data-widget_type=\"text-editor.default\">\n\t\t\t\t<div class=\"elementor-widget-container\">\n\t\t\t\t\t\t\t\t\t<p class=\"p2\"><span class=\"s1\">Die Website https:\/\/www.regnardtechnologie.com\/ ist Eigentum der SAS REGNARD TECHNOLOGIE.<br>Wir haben diese Datenschutzrichtlinie verabschiedet, die festlegt, wie wir mit den von REGNARD TECHNOLOGIES gesammelten Informationen umgehen, und die auch die Gr\u00fcnde enth\u00e4lt, warum wir bestimmte pers\u00f6nliche Daten \u00fcber Sie sammeln m\u00fcssen. Daher sollten Sie diese Datenschutzrichtlinie lesen, bevor Sie die Website von REGNARD TECHNOLOGIES nutzen.<br>Wir k\u00fcmmern uns um Ihre pers\u00f6nlichen Daten und verpflichten uns, deren Vertraulichkeit und Sicherheit zu gew\u00e4hrleisten. <\/span><\/p><h4><span class=\"s1\"><b>Die pers\u00f6nlichen Informationen, die wir sammeln :<\/b><\/span><\/h4><p class=\"p2\"><span class=\"s1\">Wenn Sie die Website von REGNARD TECHNOLOGIE besuchen, sammeln wir automatisch bestimmte Informationen \u00fcber Ihr Ger\u00e4t, einschlie\u00dflich Informationen \u00fcber Ihren Webbrowser, Ihre IP-Adresse, Ihre Zeitzone und einige der Cookies, die auf Ihrem Ger\u00e4t installiert sind. Dar\u00fcber hinaus sammeln wir, wenn Sie auf der Website navigieren, Informationen \u00fcber die Webseiten oder einzelnen Produkte, die Sie besuchen, \u00fcber die Webseiten oder Suchbegriffe, die Sie auf die Website verwiesen haben, und dar\u00fcber, wie Sie mit der Website interagieren. Wir bezeichnen diese automatisch gesammelten Informationen als &#8222;Ger\u00e4teinformationen&#8220;. Dar\u00fcber hinaus k\u00f6nnen wir die pers\u00f6nlichen Daten, die Sie uns bei der Registrierung zur Verf\u00fcgung stellen (einschlie\u00dflich, aber nicht beschr\u00e4nkt auf Vor- und Nachname, Adresse, Zahlungsinformationen usw.), sammeln, um den Vertrag erf\u00fcllen zu k\u00f6nnen.   <\/span><\/p><h4><span class=\"s1\"><b>Warum verarbeiten wir Ihre Daten?<\/b><\/span><\/h4><p class=\"p2\"><span class=\"s1\">Die Sicherheit der Kundendaten ist unsere oberste Priorit\u00e4t, und aus diesem Grund k\u00f6nnen wir nur minimale Daten \u00fcber die Nutzer verarbeiten, und zwar nur in dem Ma\u00dfe, wie es f\u00fcr die Aufrechterhaltung der Website absolut notwendig ist. Automatisch gesammelte Informationen werden nur verwendet, um potenzielle F\u00e4lle von Missbrauch zu identifizieren und statistische Informationen \u00fcber die Nutzung der Website zu erstellen. Diese statistischen Informationen werden nicht anderweitig aggregiert, um einen bestimmten Benutzer des Systems zu identifizieren.<br>Sie k\u00f6nnen die Website besuchen, ohne uns mitzuteilen, wer Sie sind, oder Informationen zu offenbaren, durch die Sie jemand als eine spezifische und identifizierbare Person identifizieren k\u00f6nnte. Wenn Sie jedoch bestimmte Funktionen der Website nutzen m\u00f6chten, oder wenn Sie unseren Newsletter erhalten oder andere Details durch Ausf\u00fcllen eines Formulars angeben m\u00f6chten, k\u00f6nnen Sie uns pers\u00f6nliche Daten wie E-Mail-Adresse, Vorname, Nachname, Wohnort, Organisation, Telefonnummer zur Verf\u00fcgung stellen. Sie k\u00f6nnen sich daf\u00fcr entscheiden, uns Ihre pers\u00f6nlichen Daten nicht zur Verf\u00fcgung zu stellen, aber es kann sein, dass Sie dann bestimmte Funktionen der Website nicht nutzen k\u00f6nnen. Zum Beispiel k\u00f6nnen Sie unseren Newsletter nicht erhalten oder uns direkt von der Website aus kontaktieren. Nutzer, die nicht wissen, welche Informationen erforderlich sind, werden gebeten, uns \u00fcber contact@regnardtechnologie.com\/ zu kontaktieren.      <\/span><\/p><h2><span class=\"s1\"><b>Ihre Rechte :<\/b><\/span><\/h2><p class=\"p2\"><span class=\"s1\">Wenn Sie in der EU ans\u00e4ssig sind, haben Sie die folgenden Rechte in Bezug auf Ihre pers\u00f6nlichen Daten:<\/span><\/p><ul class=\"ul1\"><li class=\"li4\"><span class=\"s1\">Das Recht, informiert zu werden.<\/span><\/li><li class=\"li4\"><span class=\"s1\">Das Recht auf Zugang.<\/span><\/li><li class=\"li4\"><span class=\"s1\">Das Recht auf Berichtigung.<\/span><\/li><li class=\"li4\"><span class=\"s1\">Das Recht auf L\u00f6schung.<\/span><\/li><li class=\"li4\"><span class=\"s1\">Das Recht, die Verarbeitung zu beschr\u00e4nken.<\/span><\/li><li class=\"li4\"><span class=\"s1\">Das Recht auf Daten\u00fcbertragbarkeit.<\/span><\/li><li class=\"li4\"><span class=\"s1\">Das Recht auf Einspruch.<\/span><\/li><li class=\"li4\"><span class=\"s1\">Rechte in Bezug auf automatisierte Entscheidungsfindung und Profiling.<\/span><\/li><\/ul><p class=\"p2\"><span class=\"s1\">Wenn Sie von diesem Recht Gebrauch machen m\u00f6chten, kontaktieren Sie uns bitte \u00fcber die unten stehenden Kontaktdaten.<br>Wenn Sie in Europa ans\u00e4ssig sind, beachten wir au\u00dferdem, dass wir Ihre Informationen verarbeiten, um Vertr\u00e4ge, die wir mit Ihnen haben k\u00f6nnten, zu erf\u00fcllen (z.B. wenn Sie eine Bestellung \u00fcber die Website aufgeben) oder um auf andere Weise unsere legitimen Gesch\u00e4ftsinteressen, die oben aufgef\u00fchrt sind, zu verfolgen. Dar\u00fcber hinaus beachten Sie bitte, dass Ihre Daten au\u00dferhalb Europas, einschlie\u00dflich Kanada und den Vereinigten Staaten, \u00fcbertragen werden k\u00f6nnen. <\/span><\/p><h2><span class=\"s1\"><b>Links zu anderen Webseiten :<\/b><\/span><\/h2><p class=\"p2\"><span class=\"s1\">Unsere Website kann Links zu anderen Websites enthalten, die sich nicht in unserem Besitz befinden oder von uns kontrolliert werden. Bitte beachten Sie, dass wir nicht f\u00fcr diese anderen Websites oder die Datenschutzpraktiken von Dritten verantwortlich sind. Wir empfehlen Ihnen, beim Verlassen unserer Website aufmerksam zu sein und die Datenschutzerkl\u00e4rungen jeder Website zu lesen, die m\u00f6glicherweise personenbezogene Daten sammelt.  <\/span><\/p><h2><span class=\"s1\"><b>Informationssicherheit :<\/b><\/span><\/h2><p class=\"p2\"><span class=\"s1\">Wir sichern die von Ihnen zur Verf\u00fcgung gestellten Informationen auf Computerservern in einer kontrollierten und sicheren Umgebung, die vor unbefugtem Zugriff, Verwendung oder Offenlegung gesch\u00fctzt ist. Wir halten angemessene administrative, technische und physische Garantien vor, um uns gegen unbefugten Zugriff, Nutzung, \u00c4nderung und Offenlegung von pers\u00f6nlichen Daten unter unserer Kontrolle und Verwahrung zu sch\u00fctzen. Es kann jedoch keine Garantie f\u00fcr die Daten\u00fcbertragung \u00fcber das Internet oder ein drahtloses Netzwerk gegeben werden.  <\/span><\/p><h2><span class=\"s1\"><b>Gesetzliche Offenlegung :<\/b><\/span><\/h2><p class=\"p2\"><span class=\"s1\">Wir werden alle Informationen, die wir sammeln, verwenden oder erhalten, offenlegen, wenn dies gesetzlich vorgeschrieben oder erlaubt ist, z.B. um einer Vorladung oder einem \u00e4hnlichen Gerichtsverfahren nachzukommen, und wenn wir in gutem Glauben davon ausgehen, dass die Offenlegung notwendig ist, um unsere Rechte, Ihre Sicherheit oder die Sicherheit anderer zu sch\u00fctzen, einen Betrug zu untersuchen oder auf eine Regierungsanfrage zu reagieren.<\/span><\/p><h2><b>Datenschutzbeauftragter und Aufsichtsbeh\u00f6rde :  <\/b><\/h2><p><br>Kontaktieren Sie uns unter der E-Mail-Adresse <a href=\"mailto:contact@regnardtechnologie.com\">contact<\/a>, um Ihre Rechte auszu\u00fcben. Wenn Sie Fragen oder Anmerkungen zu unserer Verarbeitung personenbezogener Daten haben, k\u00f6nnen Sie den Datenschutzbeauftragten Julie Florin Regnard unter der folgenden Adresse kontaktieren: <a href=\"mailto:julie@regnardtechnologie.com\" target=\"_blank\" rel=\"noopener\">julie@regnardtechnologie.com<\/a>. <\/p>\t\t\t\t\t\t\t\t<\/div>\n\t\t\t\t<\/div>\n\t\t\t\t\t<\/div>\n\t\t\t\t<\/div>\n\t\t\t\t<\/div>\n\t\t","protected":false},"excerpt":{"rendered":"<p>Datenschutzrichtlinie Die Website https:\/\/www.regnardtechnologie.com\/ ist Eigentum der SAS REGNARD TECHNOLOGIE.Wir haben diese Datenschutzrichtlinie verabschiedet, die festlegt, wie wir mit den von REGNARD TECHNOLOGIES gesammelten Informationen umgehen, und die auch die Gr\u00fcnde enth\u00e4lt, warum wir bestimmte pers\u00f6nliche Daten \u00fcber Sie sammeln m\u00fcssen. Daher sollten Sie diese Datenschutzrichtlinie lesen, bevor Sie die Website von REGNARD TECHNOLOGIES nutzen.Wir [&hellip;]<\/p>\n","protected":false},"author":1,"featured_media":0,"parent":0,"menu_order":0,"comment_status":"closed","ping_status":"closed","template":"elementor_header_footer","meta":{"footnotes":""},"class_list":["post-2459","page","type-page","status-publish","hentry"],"_links":{"self":[{"href":"https:\/\/www.regnardtechnologie.com\/de\/wp-json\/wp\/v2\/pages\/2459","targetHints":{"allow":["GET"]}}],"collection":[{"href":"https:\/\/www.regnardtechnologie.com\/de\/wp-json\/wp\/v2\/pages"}],"about":[{"href":"https:\/\/www.regnardtechnologie.com\/de\/wp-json\/wp\/v2\/types\/page"}],"author":[{"embeddable":true,"href":"https:\/\/www.regnardtechnologie.com\/de\/wp-json\/wp\/v2\/users\/1"}],"replies":[{"embeddable":true,"href":"https:\/\/www.regnardtechnologie.com\/de\/wp-json\/wp\/v2\/comments?post=2459"}],"version-history":[{"count":4,"href":"https:\/\/www.regnardtechnologie.com\/de\/wp-json\/wp\/v2\/pages\/2459\/revisions"}],"predecessor-version":[{"id":5047,"href":"https:\/\/www.regnardtechnologie.com\/de\/wp-json\/wp\/v2\/pages\/2459\/revisions\/5047"}],"wp:attachment":[{"href":"https:\/\/www.regnardtechnologie.com\/de\/wp-json\/wp\/v2\/media?parent=2459"}],"curies":[{"name":"wp","href":"https:\/\/api.w.org\/{rel}","templated":true}]}}