{"id":2181,"date":"2025-09-19T09:40:08","date_gmt":"2025-09-19T09:40:08","guid":{"rendered":"https:\/\/www.regnardtechnologie.com\/durchgang-zur-7-messe-fuer-automobilzulieferer-in-tanger\/"},"modified":"2025-12-18T09:33:59","modified_gmt":"2025-12-18T09:33:59","slug":"amica-tanger-messe-fur-automobilzulieferer","status":"publish","type":"page","link":"https:\/\/www.regnardtechnologie.com\/de\/amica-tanger-messe-fur-automobilzulieferer\/","title":{"rendered":"AMICA Tanger Messe f\u00fcr Automobilzulieferer"},"content":{"rendered":"\t\t<div data-elementor-type=\"wp-page\" data-elementor-id=\"2181\" class=\"elementor elementor-2181 elementor-1848\" data-elementor-post-type=\"page\">\n\t\t\t\t<div class=\"elementor-element elementor-element-33360e1 e-flex e-con-boxed e-con e-parent\" data-id=\"33360e1\" data-element_type=\"container\" data-settings=\"{&quot;background_background&quot;:&quot;classic&quot;}\">\n\t\t\t\t\t<div class=\"e-con-inner\">\n\t\t<div class=\"elementor-element elementor-element-eb51528 e-con-full e-flex e-con e-child\" data-id=\"eb51528\" data-element_type=\"container\">\n\t\t\t\t<div class=\"elementor-element elementor-element-3fcedfc elementor-widget-divider--view-line_text elementor-widget-divider--element-align-right elementor-widget-tablet__width-initial elementor-widget__width-initial elementor-widget elementor-widget-divider\" data-id=\"3fcedfc\" data-element_type=\"widget\" data-widget_type=\"divider.default\">\n\t\t\t\t<div class=\"elementor-widget-container\">\n\t\t\t\t\t\t\t<div class=\"elementor-divider\">\n\t\t\t<span class=\"elementor-divider-separator\">\n\t\t\t\t\t\t\t<span class=\"elementor-divider__text elementor-divider__element\">\n\t\t\t\t<b>Nachrichten<\/b>\t\t\t\t<\/span>\n\t\t\t\t\t\t<\/span>\n\t\t<\/div>\n\t\t\t\t\t\t<\/div>\n\t\t\t\t<\/div>\n\t\t\t\t<div class=\"elementor-element elementor-element-5b545d1 elementor-widget__width-initial elementor-widget-mobile__width-initial elementor-widget elementor-widget-heading\" data-id=\"5b545d1\" data-element_type=\"widget\" data-widget_type=\"heading.default\">\n\t\t\t\t<div class=\"elementor-widget-container\">\n\t\t\t\t\t<h2 class=\"elementor-heading-title elementor-size-default\">AMICA Tanger Messe f\u00fcr Automobilzulieferer<\/h2>\t\t\t\t<\/div>\n\t\t\t\t<\/div>\n\t\t\t\t<div class=\"elementor-element elementor-element-dcc8d77 elementor-widget__width-initial elementor-widget-mobile__width-initial elementor-widget elementor-widget-text-editor\" data-id=\"dcc8d77\" data-element_type=\"widget\" data-widget_type=\"text-editor.default\">\n\t\t\t\t<div class=\"elementor-widget-container\">\n\t\t\t\t\t\t\t\t\t<p>Auf der Automobilzulieferermesse 2023 erregte unser Stand die Aufmerksamkeit des Ministers auf seiner Rundreise.<\/p>\t\t\t\t\t\t\t\t<\/div>\n\t\t\t\t<\/div>\n\t\t\t\t<\/div>\n\t\t\t\t\t<\/div>\n\t\t\t\t<\/div>\n\t\t<div class=\"elementor-element elementor-element-04cce3e e-flex e-con-boxed e-con e-parent\" data-id=\"04cce3e\" data-element_type=\"container\">\n\t\t\t\t\t<div class=\"e-con-inner\">\n\t\t\t\t\t<\/div>\n\t\t\t\t<\/div>\n\t\t<div class=\"elementor-element elementor-element-f09514f e-flex e-con-boxed e-con e-parent\" data-id=\"f09514f\" data-element_type=\"container\">\n\t\t\t\t\t<div class=\"e-con-inner\">\n\t\t\t\t<div class=\"elementor-element elementor-element-9b0f2d4 elementor-widget elementor-widget-text-editor\" data-id=\"9b0f2d4\" data-element_type=\"widget\" data-widget_type=\"text-editor.default\">\n\t\t\t\t<div class=\"elementor-widget-container\">\n\t\t\t\t\t\t\t\t\t<p data-start=\"97\" data-end=\"548\">W\u00e4hrend der Ausgabe 2023 in Tanger hielt die Ministerialdelegation an unserem Stand f\u00fcr einen direkten und anspruchsvollen Austausch an. Die Fragen konzentrierten sich auf das Wesentliche: <strong data-start=\"266\" data-end=\"272\">Wo<\/strong> f\u00fchren wir unsere Reparaturen durch und <strong data-start=\"307\" data-end=\"314\">wer<\/strong> f\u00fchrt die Arbeiten tats\u00e4chlich aus. Wir antworteten ohne Umschweife: Unsere Reparaturen werden <strong data-start=\"403\" data-end=\"440\">vollst\u00e4ndig in Marokko durchgef\u00fchrt<\/strong>, in unserer Werkstatt, <strong data-start=\"462\" data-end=\"493\">von unseren eigenen Technikern<\/strong>, mit einer dokumentierten Qualit\u00e4tskontrolle vor der R\u00fcckgabe.  <\/p><p data-start=\"550\" data-end=\"1169\">Vor Ort zeigten wir elektromechanische Komponenten (Servomotoren, Getriebe) und beschrieben unseren Ansatz: Diagnose in der Werkstatt, Instandsetzung und anschlie\u00dfende Tests auf dem Pr\u00fcfstand unter Last. Jedes Ger\u00e4t wird mit einem <strong data-start=\"789\" data-end=\"811\">Messbericht<\/strong> (Vorher-Nachher-Werte, Beobachtungen und Empfehlungen) geliefert, was den Produktionsst\u00e4tten Sicherheit hinsichtlich der Zuverl\u00e4ssigkeit und der durchschnittlichen Ausfallzeit gibt. Diese Demonstration unterstrich vor allem die <strong data-start=\"1005\" data-end=\"1033\">operationelle N\u00e4he<\/strong>: weniger Transport, k\u00fcrzere Fristen, geringere Logistikkosten und technische Ansprechpartner, die das Gel\u00e4nde kennen.  <\/p><p data-start=\"1171\" data-end=\"1737\">\u00dcber die Werkstatt hinaus steht f\u00fcr das \u00d6kosystem viel auf dem Spiel: <strong data-start=\"1250\" data-end=\"1285\">Kompetenz und Wertsch\u00f6pfung<\/strong> m\u00fcssen im Land gehalten werden, die Beziehung zu den Auftraggebern muss reibungsloser verlaufen und die Wiederinbetriebnahme muss beschleunigt werden, wenn eine kritische Anlage ausf\u00e4llt. Der offizielle Besuch sollte genau dies ausloten: die tats\u00e4chliche Ausf\u00fchrung, die R\u00fcckverfolgbarkeit und die F\u00e4higkeit, Termin- und Qualit\u00e4tsverpflichtungen einzuhalten. Die Gespr\u00e4che best\u00e4tigten das Interesse an Reparaturtests und Wartungsvereinbarungen, die auf die lokalen industriellen Zw\u00e4nge zugeschnitten sind.  <\/p>\t\t\t\t\t\t\t\t<\/div>\n\t\t\t\t<\/div>\n\t\t\t\t\t<\/div>\n\t\t\t\t<\/div>\n\t\t<div class=\"elementor-element elementor-element-15d9edb e-flex e-con-boxed e-con e-parent\" data-id=\"15d9edb\" data-element_type=\"container\" data-settings=\"{&quot;background_background&quot;:&quot;classic&quot;}\">\n\t\t\t\t\t<div class=\"e-con-inner\">\n\t\t<div class=\"elementor-element elementor-element-2789001 e-con-full e-flex e-con e-child\" data-id=\"2789001\" data-element_type=\"container\">\n\t\t\t\t<div class=\"elementor-element elementor-element-2b50db9 elementor-widget elementor-widget-image\" data-id=\"2b50db9\" data-element_type=\"widget\" data-widget_type=\"image.default\">\n\t\t\t\t<div class=\"elementor-widget-container\">\n\t\t\t\t\t\t\t\t\t\t\t\t\t\t\t<img fetchpriority=\"high\" decoding=\"async\" width=\"800\" height=\"578\" src=\"https:\/\/www.regnardtechnologie.com\/wp-content\/uploads\/2025\/12\/delegation-maroc-stand-regnard-Ibtissam-Lamrani.jpg\" class=\"attachment-large size-large wp-image-4804\" alt=\"marokkanische Delegation Regnard-Stand Ibtissam Lamrani\" srcset=\"https:\/\/www.regnardtechnologie.com\/wp-content\/uploads\/2025\/12\/delegation-maroc-stand-regnard-Ibtissam-Lamrani.jpg 1000w, https:\/\/www.regnardtechnologie.com\/wp-content\/uploads\/2025\/12\/delegation-maroc-stand-regnard-Ibtissam-Lamrani-300x217.jpg 300w, https:\/\/www.regnardtechnologie.com\/wp-content\/uploads\/2025\/12\/delegation-maroc-stand-regnard-Ibtissam-Lamrani-768x555.jpg 768w\" sizes=\"(max-width: 800px) 100vw, 800px\" \/>\t\t\t\t\t\t\t\t\t\t\t\t\t\t\t<\/div>\n\t\t\t\t<\/div>\n\t\t\t\t<\/div>\n\t\t<div class=\"elementor-element elementor-element-8b99f97 e-con-full e-flex e-con e-child\" data-id=\"8b99f97\" data-element_type=\"container\">\n\t\t\t\t<div class=\"elementor-element elementor-element-83e51ce elementor-widget elementor-widget-image\" data-id=\"83e51ce\" data-element_type=\"widget\" data-widget_type=\"image.default\">\n\t\t\t\t<div class=\"elementor-widget-container\">\n\t\t\t\t\t\t\t\t\t\t\t\t\t\t\t<img decoding=\"async\" width=\"800\" height=\"541\" src=\"https:\/\/www.regnardtechnologie.com\/wp-content\/uploads\/2025\/12\/delegation-maroc-stand-regnard-Jamel-Elfilali.jpg\" class=\"attachment-large size-large wp-image-4806\" alt=\"delegation maroc stand regnard Jamel Elfilali\" srcset=\"https:\/\/www.regnardtechnologie.com\/wp-content\/uploads\/2025\/12\/delegation-maroc-stand-regnard-Jamel-Elfilali.jpg 1024w, https:\/\/www.regnardtechnologie.com\/wp-content\/uploads\/2025\/12\/delegation-maroc-stand-regnard-Jamel-Elfilali-300x203.jpg 300w, https:\/\/www.regnardtechnologie.com\/wp-content\/uploads\/2025\/12\/delegation-maroc-stand-regnard-Jamel-Elfilali-768x520.jpg 768w\" sizes=\"(max-width: 800px) 100vw, 800px\" \/>\t\t\t\t\t\t\t\t\t\t\t\t\t\t\t<\/div>\n\t\t\t\t<\/div>\n\t\t\t\t<\/div>\n\t\t\t\t\t<\/div>\n\t\t\t\t<\/div>\n\t\t<div class=\"elementor-element elementor-element-5ee538c e-flex e-con-boxed e-con e-parent\" data-id=\"5ee538c\" data-element_type=\"container\">\n\t\t\t\t\t<div class=\"e-con-inner\">\n\t\t\t\t<div class=\"elementor-element elementor-element-db87677 elementor-widget elementor-widget-text-editor\" data-id=\"db87677\" data-element_type=\"widget\" data-widget_type=\"text-editor.default\">\n\t\t\t\t<div class=\"elementor-widget-container\">\n\t\t\t\t\t\t\t\t\t<p>Erstes Bild: <strong data-start=\"1807\" data-end=\"1827\">Ibtissam Lamrani&nbsp; &nbsp; &nbsp; &nbsp; &nbsp; &nbsp; &nbsp; &nbsp; &nbsp; &nbsp; &nbsp; &nbsp; &nbsp; &nbsp; &nbsp; &nbsp; &nbsp; &nbsp; &nbsp; &nbsp; &nbsp; &nbsp; &nbsp; &nbsp; &nbsp; &nbsp; &nbsp; &nbsp; &nbsp; &nbsp; &nbsp; &nbsp; &nbsp; &nbsp; &nbsp; &nbsp; &nbsp; &nbsp; &nbsp; &nbsp; &nbsp; &nbsp; &nbsp; &nbsp; &nbsp; &nbsp; &nbsp; &nbsp; &nbsp;<\/strong>Zweites Bild: <strong data-start=\"1842\" data-end=\"1860\">Jamel Elfilali<\/strong><\/p>\n<p data-start=\"1862\" data-end=\"2163\">M\u00f6chten Sie unseren Workshop an einer repr\u00e4sentativen Stichprobe testen oder eine schnelle Pr\u00fcfung Ihrer kritischen Anlagen erhalten?<\/p>\n<p data-start=\"1862\" data-end=\"2163\"><strong data-start=\"1989\" data-end=\"2007\">Kontaktieren Sie uns<\/strong>: Wir bieten eine Diagnosesitzung mit Messprotokoll an, um Ihre Ausfallzeit zu verk\u00fcrzen, ohne Ihren Betrieb zu belasten.<\/p>\t\t\t\t\t\t\t\t<\/div>\n\t\t\t\t<\/div>\n\t\t\t\t\t<\/div>\n\t\t\t\t<\/div>\n\t\t\t\t<\/div>\n\t\t","protected":false},"excerpt":{"rendered":"<p>Nachrichten AMICA Tanger Messe f\u00fcr Automobilzulieferer Auf der Automobilzulieferermesse 2023 erregte unser Stand die Aufmerksamkeit des Ministers auf seiner Rundreise. W\u00e4hrend der Ausgabe 2023 in Tanger hielt die Ministerialdelegation an unserem Stand f\u00fcr einen direkten und anspruchsvollen Austausch an. Die Fragen konzentrierten sich auf das Wesentliche: Wo f\u00fchren wir unsere Reparaturen durch und wer f\u00fchrt [&hellip;]<\/p>\n","protected":false},"author":1,"featured_media":0,"parent":0,"menu_order":0,"comment_status":"closed","ping_status":"closed","template":"","meta":{"footnotes":""},"class_list":["post-2181","page","type-page","status-publish","hentry"],"_links":{"self":[{"href":"https:\/\/www.regnardtechnologie.com\/de\/wp-json\/wp\/v2\/pages\/2181","targetHints":{"allow":["GET"]}}],"collection":[{"href":"https:\/\/www.regnardtechnologie.com\/de\/wp-json\/wp\/v2\/pages"}],"about":[{"href":"https:\/\/www.regnardtechnologie.com\/de\/wp-json\/wp\/v2\/types\/page"}],"author":[{"embeddable":true,"href":"https:\/\/www.regnardtechnologie.com\/de\/wp-json\/wp\/v2\/users\/1"}],"replies":[{"embeddable":true,"href":"https:\/\/www.regnardtechnologie.com\/de\/wp-json\/wp\/v2\/comments?post=2181"}],"version-history":[{"count":11,"href":"https:\/\/www.regnardtechnologie.com\/de\/wp-json\/wp\/v2\/pages\/2181\/revisions"}],"predecessor-version":[{"id":4880,"href":"https:\/\/www.regnardtechnologie.com\/de\/wp-json\/wp\/v2\/pages\/2181\/revisions\/4880"}],"wp:attachment":[{"href":"https:\/\/www.regnardtechnologie.com\/de\/wp-json\/wp\/v2\/media?parent=2181"}],"curies":[{"name":"wp","href":"https:\/\/api.w.org\/{rel}","templated":true}]}}